{"id":88,"date":"2022-06-02T13:30:21","date_gmt":"2022-06-02T11:30:21","guid":{"rendered":"https:\/\/dev.petpassid.com\/product\/hoodie-with-logo\/"},"modified":"2026-03-12T22:29:04","modified_gmt":"2026-03-12T20:29:04","slug":"petidtag","status":"publish","type":"product","link":"https:\/\/dev.petpassid.com\/pl\/produkt\/petidtag\/","title":{"rendered":"Pet Pass ID - Inteligentny tag z NFC"},"content":{"rendered":"<p>Smart Tag dla psa i kota z NFC dla odpowiedzialnych w\u0142a\u015bcicieli zwierz\u0105t domowych, aby przes\u0142a\u0107 wszystkie wa\u017cne informacje.<\/p>","protected":false},"excerpt":{"rendered":"<p>Pet Pass ID - Inteligentny tag z NFC dla Twojego psa i kota.<\/p>","protected":false},"featured_media":1101,"comment_status":"open","ping_status":"closed","template":"","meta":{"_seopress_robots_primary_cat":"none","_seopress_titles_title":"","_seopress_titles_desc":"","_seopress_robots_index":""},"product_brand":[],"product_cat":[20],"product_tag":[22,24,23,21],"class_list":{"0":"post-88","1":"product","2":"type-product","3":"status-publish","4":"has-post-thumbnail","6":"product_cat-safety-pet-billet","7":"product_tag-billet","8":"product_tag-digital","9":"product_tag-nfc","10":"product_tag-pet","12":"first","13":"instock","14":"sale","15":"taxable","16":"shipping-taxable","17":"purchasable","18":"product-type-simple"},"_links":{"self":[{"href":"https:\/\/dev.petpassid.com\/pl\/wp-json\/wp\/v2\/product\/88","targetHints":{"allow":["GET"]}}],"collection":[{"href":"https:\/\/dev.petpassid.com\/pl\/wp-json\/wp\/v2\/product"}],"about":[{"href":"https:\/\/dev.petpassid.com\/pl\/wp-json\/wp\/v2\/types\/product"}],"replies":[{"embeddable":true,"href":"https:\/\/dev.petpassid.com\/pl\/wp-json\/wp\/v2\/comments?post=88"}],"wp:featuredmedia":[{"embeddable":true,"href":"https:\/\/dev.petpassid.com\/pl\/wp-json\/wp\/v2\/media\/1101"}],"wp:attachment":[{"href":"https:\/\/dev.petpassid.com\/pl\/wp-json\/wp\/v2\/media?parent=88"}],"wp:term":[{"taxonomy":"product_brand","embeddable":true,"href":"https:\/\/dev.petpassid.com\/pl\/wp-json\/wp\/v2\/product_brand?post=88"},{"taxonomy":"product_cat","embeddable":true,"href":"https:\/\/dev.petpassid.com\/pl\/wp-json\/wp\/v2\/product_cat?post=88"},{"taxonomy":"product_tag","embeddable":true,"href":"https:\/\/dev.petpassid.com\/pl\/wp-json\/wp\/v2\/product_tag?post=88"}],"curies":[{"name":"wp","href":"https:\/\/api.w.org\/{rel}","templated":true}]}}